{"id":155,"date":"2019-12-29T21:45:34","date_gmt":"2019-12-29T22:45:34","guid":{"rendered":"http:\/\/www.smart-wash-uganda.com\/?page_id=155"},"modified":"2019-12-30T10:44:50","modified_gmt":"2019-12-30T11:44:50","slug":"datenschutzerklarung-fur-apps-de","status":"publish","type":"page","link":"https:\/\/www.smart-wash-uganda.com\/?page_id=155","title":{"rendered":"Datenschutzerkl\u00e4rung f\u00fcr Apps [DE]"},"content":{"rendered":"\n<p>F\u00fcr die mobilen Apps von Smart Wash Uganda, verf\u00fcgbar im Google Play Store  und im AppStore von Apple, gelten die folgenden gesonderten  Datenschutzbestimmungen. <\/p>\n\n\n\n<p>Mit dem Herunterladen unserer Applikation haben Sie sich gegen\u00fcber  dem jeweiligen AppStore z.B. \u00fcber Ihre Apple ID legitimiert. Eine mit  der Europ\u00e4ischen Datenschutzgrundverordnung nicht im Einklang stehende  Verwendung der im Zusammenhang mit dem Download oder der Nutzung der  Applikationen erhobenen Daten durch Apple oder Google kann von Seiten  der Smart Wash Uganda nicht ausgeschlossen werden. Smasrt Wash Uganda hat  darauf keinen Einfluss. Eine Weitergabe von Daten durch Smart Wash Uganda an Apple oder Google erfolgt nicht.<\/p>\n\n\n\n<p>Nachfolgend finden Sie  Informationen, welche personenbezogenen Daten durch die Smart Wash Uganda  erhoben, verarbeitet oder gespeichert werden:<\/p>\n\n\n\n<h2 class=\"wp-block-heading\">1. Datenschutz auf einen Blick<\/h2>\n\n\n\n<h3 class=\"wp-block-heading\">Allgemeine Hinweise<\/h3>\n\n\n\n<p>Die\n folgenden Hinweise geben einen einfachen \u00dcberblick dar\u00fcber, was mit \nIhren personenbezogenen Daten passiert, wenn Sie unsere Mobilen \nAnwendungen (zuk\u00fcnftig Apps) verwenden. Personenbezogene Daten sind alle\n Daten, mit denen Sie pers\u00f6nlich identifiziert werden k\u00f6nnen. \nAusf\u00fchrliche Informationen zum Thema Datenschutz entnehmen Sie unserer \nunter diesem Text aufgef\u00fchrten Datenschutzerkl\u00e4rung.<\/p>\n\n\n\n<h3 class=\"wp-block-heading\">Datenerfassung innerhalb unserer Apps<\/h3>\n\n\n\n<p><strong>Wer ist verantwortlich f\u00fcr die Datenerfassung innerhalb der Apps?<\/strong><\/p>\n\n\n\n<p>Die Datenverarbeitung innerhalb unserer Apps erfolgt durch den Herausgeber der Apps. Der Herausgeber ist:<\/p>\n\n\n\n<p>Dr. Simon Donhauser<br>Frankfurter Ring 186<br>80807 M\u00fcnchen<br>E-Mail: simon [@] smart-wash-uganda.com <\/p>\n\n\n\n<p><strong>Wie erfassen wir Ihre Daten?<\/strong><\/p>\n\n\n\n<p>Ihre\n Daten werden zum einen dadurch erhoben, dass Sie uns diese mitteilen. \nHierbei kann es sich z.B. um Daten handeln, die Sie in die Apps direkt \neingeben.<\/p>\n\n\n\n<p>Andere Daten werden durch den Zugriff unserer Apps auf \nDatenspeicher Ihres Endger\u00e4tes erfasst, zum Beispiel zum Versenden von \nNachrichten an einen Kontakt aus Ihrem Adressbuch.<\/p>\n\n\n\n<p>Wiederum andere\n Daten werden automatisch beim Verwenden der Apps durch unsere \nIT-Systeme erfasst. Das sind vor allem technische Daten (z.B. Mobiles \nEndger\u00e4t, Betriebssystem oder Uhrzeit der Nutzung). Die Erfassung dieser\n Daten erfolgt automatisch, sobald Sie unsere Apps benutzen.<\/p>\n\n\n\n<p><strong>Wof\u00fcr nutzen wir Ihre Daten?<\/strong><\/p>\n\n\n\n<p>Ein\n Teil der Daten wird erhoben, um Ihre gew\u00e4hlten Anweisungen \u00fcber die App\n an den Server zu versenden und von dort an die gesteuerten Ger\u00e4te \nweiterzuleiten (Funktionserf\u00fcllung). Andere Daten k\u00f6nnen zur Analyse und\n Fehlerbehebung verwendet werden.<\/p>\n\n\n\n<p><strong>Welche Rechte haben Sie bez\u00fcglich Ihrer Daten?<\/strong><\/p>\n\n\n\n<p>Sie\n haben jederzeit das Recht unentgeltlich Auskunft \u00fcber Herkunft, \nEmpf\u00e4nger und Zweck Ihrer gespeicherten personenbezogenen Daten zu \nerhalten. Sie haben au\u00dferdem ein Recht, die Berichtigung, Sperrung oder \nL\u00f6schung dieser Daten zu verlangen. Hierzu sowie zu weiteren Fragen zum \nThema Datenschutz k\u00f6nnen Sie sich jederzeit unter der angegebenen \nAdresse an uns wenden. Des Weiteren steht Ihnen ein Beschwerderecht bei \nder zust\u00e4ndigen Aufsichtsbeh\u00f6rde zu.<\/p>\n\n\n\n<p>Au\u00dferdem haben Sie das Recht,\n unter bestimmten Umst\u00e4nden die Einschr\u00e4nkung der Verarbeitung Ihrer \npersonenbezogenen Daten zu verlangen. Details hierzu entnehmen Sie der \nDatenschutzerkl\u00e4rung unter \u201eRecht auf Einschr\u00e4nkung der Verarbeitung\u201c.<\/p>\n\n\n\n<h2 class=\"wp-block-heading\">2. Allgemeine Hinweise und Pflichtinformationen<\/h2>\n\n\n\n<h3 class=\"wp-block-heading\">Datenschutz<\/h3>\n\n\n\n<p>Die\n Betreiber dieser Apps nehmen den Schutz Ihrer pers\u00f6nlichen Daten sehr \nernst. Wir behandeln Ihre personenbezogenen Daten vertraulich und \nentsprechend der gesetzlichen Datenschutzvorschriften sowie dieser \nDatenschutzerkl\u00e4rung.<\/p>\n\n\n\n<p>Wenn Sie diese Apps benutzen, werden \nverschiedene personenbezogene Daten erhoben. Personenbezogene Daten sind\n Daten, mit denen Sie pers\u00f6nlich identifiziert werden k\u00f6nnen. Die \nvorliegende Datenschutzerkl\u00e4rung erl\u00e4utert, welche Daten wir erheben und\n wof\u00fcr wir sie nutzen. Sie erl\u00e4utert auch, wie und zu welchem Zweck das \ngeschieht.<\/p>\n\n\n\n<p>Wir weisen darauf hin, dass die Daten\u00fcbertragung im \nInternet (z.B. bei der Kommunikation per E-Mail) Sicherheitsl\u00fccken \naufweisen kann. Ein l\u00fcckenloser Schutz der Daten vor dem Zugriff durch \nDritte ist nicht m\u00f6glich.<\/p>\n\n\n\n<h3 class=\"wp-block-heading\">Hinweis zur verantwortlichen Stelle<\/h3>\n\n\n\n<p>Die verantwortliche Stelle f\u00fcr die Datenverarbeitung innerhalb dieser Apps ist:<\/p>\n\n\n\n<p>Dr. Simon Donhauser<br>Frankfurter Ring 186<br>80807 M\u00fcnchen<br>E-Mail: simon [@] smart-wash-uganda.com<\/p>\n\n\n\n<p>Verantwortliche\n Stelle ist die nat\u00fcrliche oder juristische Person, die allein oder \ngemeinsam mit anderen \u00fcber die Zwecke und Mittel der Verarbeitung von \npersonenbezogenen Daten (z.B. Namen, E-Mail-Adressen o. \u00c4.) entscheidet.<\/p>\n\n\n\n<h3 class=\"wp-block-heading\">Widerruf Ihrer Einwilligung zur Datenverarbeitung<\/h3>\n\n\n\n<p>Viele\n Datenverarbeitungsvorg\u00e4nge sind nur mit Ihrer ausdr\u00fccklichen \nEinwilligung m\u00f6glich. Sie k\u00f6nnen eine bereits erteilte Einwilligung \njederzeit widerrufen. Dazu reicht eine formlose Mitteilung per E-Mail an\n uns. Die Rechtm\u00e4\u00dfigkeit der bis zum Widerruf erfolgten \nDatenverarbeitung bleibt vom Widerruf unber\u00fchrt.<\/p>\n\n\n\n<h3 class=\"wp-block-heading\">Widerspruchsrecht gegen die Datenerhebung in besonderen F\u00e4llen sowie gegen Direktwerbung (Art. 21 DSGVO)<\/h3>\n\n\n\n<p><strong>Wenn\n die Datenverarbeitung auf Grundlage von Art. 6 Abs. 1 lit. e oder f \nDSGVO erfolgt, haben Sie jederzeit das Recht, aus Gr\u00fcnden, die sich aus \nIhrer besonderen Situation ergeben, gegen die Verarbeitung Ihrer \npersonenbezogenen Daten Widerspruch einzulegen; dies gilt auch f\u00fcr ein \nauf diese Bestimmungen gest\u00fctztes Profiling. Die jeweilige \nRechtsgrundlage, auf denen eine Verarbeitung beruht, entnehmen Sie \ndieser Datenschutzerkl\u00e4rung. Wenn Sie Widerspruch einlegen, werden wir \nIhre betroffenen personenbezogenen Daten nicht mehr verarbeiten, es sei \ndenn, wir k\u00f6nnen zwingende schutzw\u00fcrdige Gr\u00fcnde f\u00fcr die Verarbeitung \nnachweisen, die Ihre Interessen, Rechte und Freiheiten \u00fcberwiegen oder \ndie Verarbeitung dient der Geltendmachung, Aus\u00fcbung oder Verteidigung \nvon Rechtsanspr\u00fcchen (Widerspruch nach Art. 21 Abs. 1 DSGVO).<\/strong><\/p>\n\n\n\n<p><strong>Werden\n Ihre personenbezogenen Daten verarbeitet, um Direktwerbung zu \nbetreiben, so haben Sie das Recht, jederzeit Widerspruch gegen die \nVerarbeitung Sie betreffender personenbezogener Daten zum Zwecke \nderartiger Werbung einzulegen; dies gilt auch f\u00fcr das Profiling, soweit \nes mit solcher Direktwerbung in Verbindung steht. Wenn Sie \nwidersprechen, werden Ihre personenbezogenen Daten anschlie\u00dfend nicht \nmehr zum Zwecke der Direktwerbung verwendet (Widerspruch nach Art. 21 \nAbs. 2 DSGVO).<\/strong><\/p>\n\n\n\n<h3 class=\"wp-block-heading\">Beschwerderecht bei der zust\u00e4ndigen Aufsichtsbeh\u00f6rde<\/h3>\n\n\n\n<p>Im\n Falle von Verst\u00f6\u00dfen gegen die DSGVO steht den Betroffenen ein \nBeschwerderecht bei einer Aufsichtsbeh\u00f6rde, insbesondere in dem \nMitgliedstaat ihres gew\u00f6hnlichen Aufenthalts, ihres Arbeitsplatzes oder \ndes Orts des mutma\u00dflichen Versto\u00dfes zu. Das Beschwerderecht besteht \nunbeschadet anderweitiger verwaltungsrechtlicher oder gerichtlicher \nRechtsbehelfe.<\/p>\n\n\n\n<h3 class=\"wp-block-heading\">Recht auf Daten\u00fcbertragbarkeit<\/h3>\n\n\n\n<p>Sie haben \ndas Recht, Daten, die wir auf Grundlage Ihrer Einwilligung oder in \nErf\u00fcllung eines Vertrags automatisiert verarbeiten, an sich oder an \neinen Dritten in einem g\u00e4ngigen, maschinenlesbaren Format aush\u00e4ndigen zu\n lassen. Sofern Sie die direkte \u00dcbertragung der Daten an einen anderen \nVerantwortlichen verlangen, erfolgt dies nur, soweit es technisch \nmachbar ist.<\/p>\n\n\n\n<h3 class=\"wp-block-heading\">SSL- bzw. TLS-Verschl\u00fcsselung<\/h3>\n\n\n\n<p>Diese Apps \nnutzen aus Sicherheitsgr\u00fcnden und zum Schutz der \u00dcbertragung \nvertraulicher Inhalte, wie zum Beispiel Koordinaten oder Anfragen, die \nSie an uns als Betreiber der Apps senden, eine SSL-bzw. \nTLS-Verschl\u00fcsselung. Wenn die SSL- bzw. TLS-Verschl\u00fcsselung aktiviert \nist, k\u00f6nnen die Daten, die Sie an uns \u00fcbermitteln, nicht von Dritten \nmitgelesen werden.<\/p>\n\n\n\n<h3 class=\"wp-block-heading\">Auskunft, Sperrung, L\u00f6schung und Berichtigung<\/h3>\n\n\n\n<p>Sie\n haben im Rahmen der geltenden gesetzlichen Bestimmungen jederzeit das \nRecht auf unentgeltliche Auskunft \u00fcber Ihre gespeicherten \npersonenbezogenen Daten, deren Herkunft und Empf\u00e4nger und den Zweck der \nDatenverarbeitung und ggf. ein Recht auf Berichtigung, Sperrung oder \nL\u00f6schung dieser Daten. Hierzu sowie zu weiteren Fragen zum Thema \npersonenbezogene Daten k\u00f6nnen Sie sich jederzeit unter der angegebenen \nAdresse an uns wenden.<\/p>\n\n\n\n<h3 class=\"wp-block-heading\">Recht auf Einschr\u00e4nkung der Verarbeitung<\/h3>\n\n\n\n<p>Sie\n haben das Recht, die Einschr\u00e4nkung der Verarbeitung Ihrer \npersonenbezogenen Daten zu verlangen. Hierzu k\u00f6nnen Sie sich jederzeit \nunter der angegebenen Adresse an uns wenden. Das Recht auf Einschr\u00e4nkung\n der Verarbeitung besteht in folgenden F\u00e4llen:<\/p>\n\n\n\n<ul class=\"wp-block-list\"><li>Wenn Sie die \nRichtigkeit Ihrer bei uns gespeicherten personenbezogenen Daten \nbestreiten, ben\u00f6tigen wir in der Regel Zeit, um dies zu \u00fcberpr\u00fcfen. F\u00fcr \ndie Dauer der Pr\u00fcfung haben Sie das Recht, die Einschr\u00e4nkung der \nVerarbeitung Ihrer personenbezogenen Daten zu verlangen.<\/li><li>Wenn \ndie Verarbeitung Ihrer personenbezogenen Daten unrechtm\u00e4\u00dfig geschah \/ \ngeschieht, k\u00f6nnen Sie statt der L\u00f6schung die Einschr\u00e4nkung der \nDatenverarbeitung verlangen.<\/li><li>Wenn wir Ihre personenbezogenen \nDaten nicht mehr ben\u00f6tigen, Sie sie jedoch zur Aus\u00fcbung, Verteidigung \noder Geltendmachung von Rechtsanspr\u00fcchen ben\u00f6tigen, haben Sie das Recht,\n statt der L\u00f6schung die Einschr\u00e4nkung der Verarbeitung Ihrer \npersonenbezogenen Daten zu verlangen.<\/li><li>Wenn Sie einen Widerspruch\n nach Art. 21 Abs. 1 DSGVO eingelegt haben, muss eine Abw\u00e4gung zwischen \nIhren und unseren Interessen vorgenommen werden. Solange noch nicht \nfeststeht, wessen Interessen \u00fcberwiegen, haben Sie das Recht, die \nEinschr\u00e4nkung der Verarbeitung Ihrer personenbezogenen Daten zu \nverlangen.<\/li><\/ul>\n\n\n\n<p>Wenn Sie die Verarbeitung Ihrer personenbezogenen\n Daten eingeschr\u00e4nkt haben, d\u00fcrfen diese Daten \u2013 von ihrer Speicherung \nabgesehen \u2013 nur mit Ihrer Einwilligung oder zur Geltendmachung, Aus\u00fcbung\n oder Verteidigung von Rechtsanspr\u00fcchen oder zum Schutz der Rechte einer\n anderen nat\u00fcrlichen oder juristischen Person oder aus Gr\u00fcnden eines \nwichtigen \u00f6ffentlichen Interesses der Europ\u00e4ischen Union oder eines \nMitgliedstaats verarbeitet werden.<\/p>\n\n\n\n<h2 class=\"wp-block-heading\">3. Datenerfassung durch unsere Apps<\/h2>\n\n\n\n<h3 class=\"wp-block-heading\">Anwendungsdaten<\/h3>\n\n\n\n<p>Die\n App \u00fcbermittelt w\u00e4hrend der Kommunikation mit unserem Server \nautomatisch Daten, welche vom Server automatisch in sogenannten \nLog-Dateien gespeichert werden. Dies Daten sind:<\/p>\n\n\n\n<ul class=\"wp-block-list\"><li>Art des mobilen Endger\u00e4tes<\/li><li>Verwendetes Betriebssystem<\/li><li>Verwendete Sprache<\/li><li>Technische Informationen \u00fcber das verwendete Endger\u00e4t<\/li><li>Datum und Uhrzeit der Anfrage<\/li><li>IP-Adresse<\/li><li>Mobilfunknummer und Ger\u00e4tenummer<\/li><li>Aktuelle Geokoordinaten des mobilen Endger\u00e4tes<\/li><li>Benutzernamen, sowie Vor- und Familiennamen, Telefonnummern und E-Mail-Adressen von Mitarbeitern<\/li><\/ul>\n\n\n\n<p>Dies\n erfolgt auf Grundlage von Art. 6 Abs. 1 lit. b DSGVO, der die \nVerarbeitung von Daten zur Erf\u00fcllung eines Vertrags oder \nvorvertraglicher Ma\u00dfnahmen gestattet.<\/p>\n\n\n\n<h3 class=\"wp-block-heading\">Adressdaten auf Ihrem Endger\u00e4t<\/h3>\n\n\n\n<p>Wenn\n Sie Informationen aus den Apps an Empf\u00e4nger versenden wollen, greifen \nunsere Apps auf das Adressbuch zu. Die aus dem Adressbuch selektierten \nDaten werden nur zur Adressierung und Versendung der gew\u00e4hlten \nInformationen verwendet und nicht weiter gespeichert. Dabei handelt es \nsich um:<\/p>\n\n\n\n<ul class=\"wp-block-list\"><li>Vollst\u00e4ndiger Name<\/li><li>Mobiltelefonnummer<\/li><li>E-Mail-Adresse<\/li><\/ul>\n\n\n\n<p>Dies\n erfolgt auf Grundlage von Art. 6 Abs. 1 lit. b DSGVO, der die \nVerarbeitung von Daten zur Erf\u00fcllung eines Vertrags oder \nvorvertraglicher Ma\u00dfnahmen gestattet.<\/p>\n\n\n\n<h3 class=\"wp-block-heading\">Verarbeiten von Daten (Kunden- und Vertragsdaten)<\/h3>\n\n\n\n<p>Wir\n erheben, verarbeiten und nutzen personenbezogene Daten nur, soweit sie \nf\u00fcr die Begr\u00fcndung, inhaltliche Ausgestaltung oder \u00c4nderung des \nRechtsverh\u00e4ltnisses erforderlich sind (Bestandsdaten). Dies erfolgt auf \nGrundlage von Art. 6 Abs. 1 lit. b DSGVO, der die Verarbeitung von Daten\n zur Erf\u00fcllung eines Vertrags oder vorvertraglicher Ma\u00dfnahmen gestattet.\n Personenbezogene Daten \u00fcber die Inanspruchnahme unserer Apps \n(Nutzungsdaten) erheben, verarbeiten und nutzen wir nur, soweit dies \nerforderlich ist, um dem Nutzer die Inanspruchnahme des Dienstes zu \nerm\u00f6glichen oder abzurechnen.<\/p>\n\n\n\n<p>Die erhobenen Kundendaten werden \nnach Abschluss des Auftrags oder Beendigung der Gesch\u00e4ftsbeziehung \ngel\u00f6scht. Gesetzliche Aufbewahrungsfristen bleiben unber\u00fchrt.<\/p>\n","protected":false},"excerpt":{"rendered":"<p>F\u00fcr die mobilen Apps von Smart Wash Uganda, verf\u00fcgbar im Google Play Store und im AppStore von Apple, gelten die folgenden gesonderten Datenschutzbestimmungen. Mit dem Herunterladen unserer Applikation haben Sie sich gegen\u00fcber dem jeweiligen AppStore z.B. \u00fcber Ihre Apple ID legitimiert. Eine mit der Europ\u00e4ischen Datenschutzgrundverordnung nicht im Einklang stehende Verwendung der im Zusammenhang mit &hellip; <\/p>\n<p class=\"link-more\"><a href=\"https:\/\/www.smart-wash-uganda.com\/?page_id=155\" class=\"more-link\">Continue reading<span class=\"screen-reader-text\"> &#8220;Datenschutzerkl\u00e4rung f\u00fcr Apps [DE]&#8221;<\/span><\/a><\/p>\n","protected":false},"author":1,"featured_media":0,"parent":0,"menu_order":0,"comment_status":"closed","ping_status":"closed","template":"","meta":{"footnotes":""},"class_list":["post-155","page","type-page","status-publish","hentry"],"_links":{"self":[{"href":"https:\/\/www.smart-wash-uganda.com\/index.php?rest_route=\/wp\/v2\/pages\/155","targetHints":{"allow":["GET"]}}],"collection":[{"href":"https:\/\/www.smart-wash-uganda.com\/index.php?rest_route=\/wp\/v2\/pages"}],"about":[{"href":"https:\/\/www.smart-wash-uganda.com\/index.php?rest_route=\/wp\/v2\/types\/page"}],"author":[{"embeddable":true,"href":"https:\/\/www.smart-wash-uganda.com\/index.php?rest_route=\/wp\/v2\/users\/1"}],"replies":[{"embeddable":true,"href":"https:\/\/www.smart-wash-uganda.com\/index.php?rest_route=%2Fwp%2Fv2%2Fcomments&post=155"}],"version-history":[{"count":3,"href":"https:\/\/www.smart-wash-uganda.com\/index.php?rest_route=\/wp\/v2\/pages\/155\/revisions"}],"predecessor-version":[{"id":164,"href":"https:\/\/www.smart-wash-uganda.com\/index.php?rest_route=\/wp\/v2\/pages\/155\/revisions\/164"}],"wp:attachment":[{"href":"https:\/\/www.smart-wash-uganda.com\/index.php?rest_route=%2Fwp%2Fv2%2Fmedia&parent=155"}],"curies":[{"name":"wp","href":"https:\/\/api.w.org\/{rel}","templated":true}]}}